{"id":6933,"date":"2022-01-28T17:18:37","date_gmt":"2022-01-28T16:18:37","guid":{"rendered":"http:\/\/fusion.bsc.es\/?page_id=6933"},"modified":"2024-02-13T11:24:22","modified_gmt":"2024-02-13T10:24:22","slug":"media","status":"publish","type":"page","link":"https:\/\/fusion.bsc.es\/index.php\/media\/","title":{"rendered":"Media"},"content":{"rendered":"<p style=\"text-align: justify;\">One of the pillars of our group is the dissemination of knowledge in the fusion field. Therefore, we have participated in several media to achieve that goal. Next, there is a list of some of our appearances.<\/p>\n<h2 style=\"text-align: justify;\"><span style=\"color: #568cbf;\">News<\/span><\/h2>\n<ul style=\"text-align: justify; list-style-type: none;\" >\n<li><strong><span style=\"color: #000000;\">Alfa (number 52) &#8211; <a href=\"https:\/\/www.csn.es\/csn\/revista-alfa\/52\/-\/asset_publisher\/bf48\/content\/espana-acelera-en-la-carrera-de-la-supercomputacion\">Espa\u00f1a acelera en la carrera de la supercomputaci\u00f3n<\/a><\/span><\/strong><br \/>\n<small style=\"text-align: justify;\"><span style=\"color: #777777;\">December, 2022. SPANISH.<\/span><\/small><br \/>\nOur team leader, Mervi Mantsinen, explains the critical role of selecting appropriate materials for building fusion reactors, requiring innovative solutions to withstand extreme temperature contrasts. She emphasizes the importance of high-performance computing for accelerating existing codes, developing new ones, and adapting BSC-CNS tools to fusion-related challenges, all aimed at adding value to the fusion community and highlighting the collaborative international effort to make fusion energy a reality.<\/li>\n<li>&nbsp;<\/li>\n<li><strong><span style=\"color: #000000;\">Agencia EFE &#8211; <a href=\"https:\/\/www.efe.com\/efe\/espana\/efefuturo\/un-experimento-europeo-alcanza-nuevo-record-de-energia-fusion\/50000905-4736326\">Un experimento europeo alcanza un nuevo r\u00e9cord de energ\u00eda de fusi\u00f3n<\/a><\/span><\/strong><br \/>\n<strong><span style=\"color: #000000;\">LA VANGUARDIA &#8211; <a href=\"https:\/\/www.lavanguardia.com\/ciencia\/20220209\/8045260\/experimento-europeo-alcanza-nuevo-record-energia-fusion.html\">F\u00edsicos brit\u00e1nicos logran un r\u00e9cord de energ\u00eda en un experimento de fusi\u00f3n nuclear<\/a><\/span><\/strong><br \/>\n<strong><span style=\"color: #000000;\">CIEMAT &#8211; <a href=\"https:\/\/www.ciemat.es\/cargarAplicacionNoticias.do?identificador=2394&#038;idArea=-1\">Investigadoras del CIEMAT participan en un experimento europeo donde se ha alcanzado un nuevo r\u00e9cord de energ\u00eda de fusi\u00f3n<\/span><\/a><\/strong><br \/>\n<small style=\"text-align: justify;\"><span style=\"color: #777777;\">February 9, 2022. SPANISH. <\/span><\/small><br \/>\nResearchers from our group have participated in a decisive European experiment where the mixture of deuterium and tritium (DT) fusion fuel, the one planned for ITER, has been used, reaching the fusion energy record of 59 megajoules, held for 5 seconds<\/li>\n<li>&nbsp;<\/li>\n<li><strong><span style=\"color: #000000;\">EUROfusion &#8211; <a href=\"https:\/\/www.euro-fusion.org\/news\/2021\/march\/eurofusion-e-tasc\/\">EUROfusion E-TASC enables 19 theory and advanced simulation projects<\/a><\/span><\/strong><br \/>\n<small style=\"text-align: justify;\"><span style=\"color: #777777;\">March 18, 2021. ENGLISH.<\/span><\/small><br \/>\nThe EUROfusion consortium for the realisation of fusion energy has awarded funding for nineteen research projects and five advanced computing hubs (ACH) for the Work Plan 2021-2025. One of these ACHs will be located at Barcelona Supercomputing Center.<\/li>\n<li>&nbsp;<\/li>\n<li><strong><span style=\"color: #000000;\">El Periodico &#8211; <a href=\" https:\/\/www.elperiodico.com\/es\/ciencia\/20210210\/mujeres-cientificas-referentes-madres-profesoras-dia-mujer-nina-ciencia-11508167\">Referentes ocultos: 10 mujeres que inspiraron a las cient\u00edficas de hoy<\/a><\/span><\/strong><br \/>\n<small style=\"text-align: justify;\"><span style=\"color: #777777;\">February 10, 2021. SPANISH.<\/span><\/small><br \/>\nOur team leader, Mervi Mantsinen, is one of the women selected in this newspaper article.<\/li>\n<li>&nbsp;<\/li>\n<li><strong><span style=\"color: #000000;\">CIEMAT &#8211; <a href=\" https:\/\/www.ciemat.es\/portal.do?IDM=61&#038;NM=2&#038;identificador=2147\">Cient\u00edficas espa\u00f1olas lideran experimentos de fusi\u00f3n hist\u00f3ricos<\/a><\/span><\/strong><br \/>\n<small style=\"text-align: justify;\"><span style=\"color: #777777;\">January 21, 2021. SPANISH.<\/span><\/small><br \/>\nOur team leader, Mervi Mantsinen, is one of the women selected in this newspaper article.<\/li>\n<li>&nbsp;<\/li>\n<li><strong><span style=\"color: #000000;\">IFMIF DONES &#8211; <a href=\"https:\/\/ifmifdones.org\/es\/updates\/el-centro-nacional-de-supercomputacion-de-barcelona-reune-a-casi-150-personas-en-un-webinar-sobre-ifmif-dones\/ \">El Centro Nacional de Supercomputaci\u00f3n de Barcelona re\u00fane a casi 150 personas en un webinar sobre IFMIF-DONES<\/a><\/span><\/strong><br \/>\n<small style=\"text-align: justify;\"><span style=\"color: #777777;\">May 21, 2020. SPANISH.<\/span><\/small><br \/>\nOur group co-organized, as part of the FusionCAT project that we are coordinating, a webinar on the DEMO Oriented Neutron Source (DONES) project given by Dr \u00c1ngel Ibarra, the Director of the Division for Fusion Technologies at Laboratorio Nacional de Fusi\u00f3n, CIEMAT, Madrid (Spain) and the EUROfusion Work Package Early Neutron Source Definition and Design Project Leader.<\/li>\n<li>&nbsp;<\/li>\n<li><strong><span style=\"color: #000000;\">Fusion in Europe &#8211; <a href=\"https:\/\/www.euro-fusion.org\/media-library\/newsletter\/\">Dan Brown, MareNostrum and Postdocs in Barcelona<\/a><\/span><\/strong><br \/>\n<small style=\"text-align: justify;\"><span style=\"color: #777777;\">March 1, 2018. ENGLISH.<\/span><\/small><br \/>\nOur group appeared in an issue of this magazine. In the mentioned article our group leader, Mervi Mantsinen, explains the relation among the fusion and supercomputing fields. Sergi Girona, director of the Operations Department, talks about the announcement from the European Commission to invest EUR 1 billion in world-class supercomputers. And finally the article mentions that our group is looking for postdocs for the STARS programme.<\/li>\n<li>&nbsp;<\/li>\n<li><strong><span style=\"color: #000000;\">La Vanguardia &#8211; <a href=\"http:\/\/www.lavanguardia.com\/vida\/20170119\/413498295726\/iter-y-supercomputador-de-barcelona-simularan-la-generacion-de-energia-fusion.html\">ITER y Supercomputador de Barcelona simular\u00e1n la generaci\u00f3n de energ\u00eda fusi\u00f3n<\/a><\/span><\/strong><br \/>\n<small style=\"text-align: justify;\"><span style=\"color: #777777;\">January 19, 2017. SPANISH.<\/span><\/small><br \/>\nThe ITER Organization and the Barcelona Supercomputing Center signed a Memorandum of Understanding (MoU) in which they agreed on the importance of promoting and furthering academic and scientific cooperation in all academic and scientific fields of mutual interest and to advance the training of young researchers.<\/li>\n<li>&nbsp;<\/li>\n<li><strong><span style=\"color: #000000;\">Fusion in Europe &#8211; <a href=\"https:\/\/www.euro-fusion.org\/newsletter\/how-to-tame-fusion-plasma\/\">How to tame plasma turbulence<\/a><\/span><\/strong><br \/>\n<small style=\"text-align: justify;\"><span style=\"color: #777777;\">December 12, 2016. ENGLISH.<\/span><\/small><br \/>\nFelipe Nathan Oliveira Lopes, as an intership student in our group, talked about his experience presenting a poster in the Transport Task Force Meeting, and the feedback and support he received from the members of the Meeting.<\/li>\n<li>&nbsp;<\/li>\n<li><strong><span style=\"color: #000000;\">Academia Net &#8211; <a href=\"http:\/\/www.academia-net.org\/news\/fusion-research-on-the-rise\/1399046\">Fusion Research on the Rise<\/a><\/span><\/strong><br \/>\n<small style=\"text-align: justify;\"><span style=\"color: #777777;\">February 17, 2016. ENGLISH.<\/span><\/small><br \/>\nOnline article  featuring Mervi Mantsinen together with Professors Sibylle Guenther, Ursel Frantz and Tuende Fuellop.<\/li>\n<li>&nbsp;<\/li>\n<li><strong><span style=\"color: #000000;\">La vanguardia &#8211; <a href=\"https:\/\/www.lavanguardia.com\/vida\/20150624\/54432999954\/una-investigadora-de-barcelona-coordinara-experimentos-para-preparar-el-iter.html \">Una investigadora de Barcelona coordinar\u00e1 experimentos para preparar el ITER<\/a><\/span><\/strong><br \/>\n<small style=\"text-align: justify;\"><span style=\"color: #777777;\">June 24, 2015. SPANISH.<\/span><\/small><br \/>\nOur team leader Mervi Mantsinen was selected as one of the scientific coordinators of the experimental ITER preparation campaign.<\/li>\n<li>&nbsp;<\/li>\n<p><!-- \n\n<li><strong><span style=\"color: #000000;\">Academia Net - <a href=\"http:\/\/www.academia-net.org\/news\/fusion-research-on-the-rise\/1399046\">Fusion Research on the Rise<\/a><\/span><\/strong>\n<small style=\"text-align: justify;\"><span style=\"color: #777777;\">February 17, 2016. ENGLISH.<\/span><\/small>\n\n\n<table style=\"border-collapse: collapse; border: none; margin-top: -30px\">\n\n<tr>\n\n<td  style=\"border:none\"><img decoding=\"async\" src=\"http:\/\/fusion.bsc.es\/wp-content\/uploads\/logo_academia.png\" alt=\"\" width=\"200\"\/><\/td>\n\n\n\n<td style=\"border:none\">Online article  featuring Mervi Mantsinen together with Professors Sibylle Guenther, Ursel Frantz and Tuende Fuellop.<\/td>\n\n<\/tr>\n\n<\/table>\n\n<\/li>\n\n-->\n<\/ul>\n<h2 style=\"text-align: justify;\"><span style=\"color: #568cbf;\">Videos<\/span><\/h2>\n<ul style=\"text-align: justify; list-style-type: none;\" >\n<li><strong><span style=\"color: #000000;\">Els matins &#8211; Interview<\/span><\/strong><br \/>\n<small style=\"text-align: justify;\"><span style=\"color: #777777;\">December 14, 2022. CATALAN. <em><a href=\"https:\/\/www.ccma.cat\/tv3\/alacarta\/els-matins\/dani-gallart-investigador-barcelona-supercomputing-center-la-fusio-nuclear-sera-una-energia-inherentment-segura\/video\/6192147\/\"> Full video at TV3.<\/a><\/em> <\/span><\/small><br \/>\nDani Gallart, a researcher at Barcelona Supercomputing Center and EUROfusion project scientific coordinator, explains the reach of this scientific breakthrough in fusion inertial confinement that has been officially announced in the US.<\/p>\n<p style=\"text-align: center;\"><iframe loading=\"lazy\" src=\"https:\/\/www.youtube.com\/embed\/m5W-c9LgZog?rel=0\" width=\"560\" height=\"315\" frameborder=\"0\" allowfullscreen=\"allowfullscreen\" style=\"box-shadow: 0 5px 10px 0 rgba(0,0,0,0.2),0 5px 15px 0 rgba(0,0,0,0.19);\"><span style=\"display: inline-block; width: 0px; overflow: hidden; line-height: 0;\" data-mce-type=\"bookmark\" class=\"mce_SELRES_start\">\ufeff<\/span><\/iframe><\/p>\n<\/li>\n<li>&nbsp;<\/li>\n<li><strong><span style=\"color: #000000;\">EPS2020 &#8211; Presentation<\/span><\/strong><br \/>\n<small style=\"text-align: justify;\"><span style=\"color: #777777;\">June 22, 2020. ENGLISH. <\/span><\/small><br \/>\nBarcelona Supercomputing Center (BSC) was chosen as the Local Organizer for the 47th European Physical Society (EPS) Conference on Plasma Physics on June 22-26, 2020, in Sitges, Spain. Our group participated in the organization of this event and prepared this video to present the event to the scientific community.<\/p>\n<p style=\"text-align: center;\"><iframe loading=\"lazy\" src=\"https:\/\/www.youtube.com\/embed\/87Y2FzdxKeE?rel=0\" width=\"560\" height=\"315\" frameborder=\"0\" allowfullscreen=\"allowfullscreen\" style=\"box-shadow: 0 5px 10px 0 rgba(0,0,0,0.2),0 5px 15px 0 rgba(0,0,0,0.19);\"><span style=\"display: inline-block; width: 0px; overflow: hidden; line-height: 0;\" data-mce-type=\"bookmark\" class=\"mce_SELRES_start\">\ufeff<\/span><\/iframe><\/p>\n<\/li>\n<li>&nbsp;<\/li>\n<li><strong><span style=\"color: #000000;\">BSC Talks &#8211; Looking at the stars<\/span><\/strong><br \/>\n<small style=\"text-align: justify;\"><span style=\"color: #777777;\">December 20, 2018. ENGLISH. <em><a href=\"https:\/\/youtu.be\/icDqF0UiCT8\"> Video from Barcelona Supercomputing Center.<\/a><\/em> <\/span><\/small><br \/>\nBSC researchers in the Fusion group Xavier Saez and Dani Gallart invite us to follow them on a trip to reach new clean energy inspired in the stars. Moreover, they explain to us the work being carried out by the fusion group in line with the EUROfusion roadmap.<\/p>\n<p style=\"text-align: center;\"><iframe loading=\"lazy\" src=\"https:\/\/www.youtube.com\/embed\/KWhGMms42Tc?rel=0\" width=\"560\" height=\"315\" frameborder=\"0\" allowfullscreen=\"allowfullscreen\" style=\"box-shadow: 0 5px 10px 0 rgba(0,0,0,0.2),0 5px 15px 0 rgba(0,0,0,0.19);\"><span style=\"display: inline-block; width: 0px; overflow: hidden; line-height: 0;\" data-mce-type=\"bookmark\" class=\"mce_SELRES_start\">\ufeff<\/span><\/iframe><\/p>\n<\/li>\n<li>&nbsp;<\/li>\n<li><strong><span style=\"color: #000000;\">BSC Talks &#8211; Looking at the stars. Trailer<\/span><\/strong><br \/>\n<small style=\"text-align: justify;\"><span style=\"color: #777777;\">November 16, 2018. ENGLISH. <\/span><\/small><br \/>\nA short video to present the fusion group candidature to give a talk in the &#8220;BSC talks&#8221; section at the BSC annual meeting 2018. <\/p>\n<p style=\"text-align: center;\"><iframe loading=\"lazy\" src=\"https:\/\/www.youtube.com\/embed\/xoVfBsAC3l0?rel=0\" width=\"560\" height=\"315\" frameborder=\"0\" allowfullscreen=\"allowfullscreen\" style=\"box-shadow: 0 5px 10px 0 rgba(0,0,0,0.2),0 5px 15px 0 rgba(0,0,0,0.19);\"><span style=\"display: inline-block; width: 0px; overflow: hidden; line-height: 0;\" data-mce-type=\"bookmark\" class=\"mce_SELRES_start\">\ufeff<\/span><\/iframe><\/p>\n<\/li>\n<li>&nbsp;<\/li>\n<li><strong><span style=\"color: #000000;\">LAB24 &#8211; El nuevo MareNostrum 4<\/span><\/strong><br \/>\n<small style=\"text-align: justify;\"><span style=\"color: #777777;\">February 14, 2018. SPANISH. <em><a href=\"https:\/\/www.rtve.es\/play\/videos\/lab24\/lab24-pgm98\/4467805\/\"> Full video at RTVE.<\/a><\/em> <\/span><\/small><br \/>\nThe new MareNostrum 4, the most powerful supercomputer in Spain at the service of science, is 14 times faster than its predecessor. Our research group appeared as an example of applying the new MareNostrum supercomputer to advance science.<\/p>\n<p style=\"text-align: center;\"><iframe loading=\"lazy\" src=\"https:\/\/www.youtube.com\/embed\/9cw8oVa_DoM?rel=0\" width=\"560\" height=\"315\" frameborder=\"0\" allowfullscreen=\"allowfullscreen\" style=\"box-shadow: 0 5px 10px 0 rgba(0,0,0,0.2),0 5px 15px 0 rgba(0,0,0,0.19);\"><span style=\"display: inline-block; width: 0px; overflow: hidden; line-height: 0;\" data-mce-type=\"bookmark\" class=\"mce_SELRES_start\">\ufeff<\/span><\/iframe><\/p>\n<\/li>\n<li>&nbsp;<\/li>\n<li><strong><span style=\"color: #000000;\">El dia de l&#8217;endem\u00e0 &#8211; L&#8217;energia<\/span><\/strong><br \/>\n<small style=\"text-align: justify;\"><span style=\"color: #777777;\">June 26, 2017. CATALAN. <em><a href=\"https:\/\/www.ccma.cat\/tv3\/alacarta\/el-dia-de-dema\/lenergia\/video\/5675102\/\"> Full video at TV3.<\/a><\/em> <\/span><\/small><br \/>\nMervi Mantsinen participated in a TV program on Channel 33 regarding the prospects of fusion energy and its potential impact on society. The program was titled &#8220;El dia de dem\u00e0&#8221; and is a documentary that investigates and discusses many possible future scenarios from the point of view of experts. The topics treated are various, ranging from education to energy sources. <\/p>\n<p style=\"text-align: center;\"><iframe loading=\"lazy\" src=\"https:\/\/www.youtube.com\/embed\/eSOE8YOcFmU?rel=0\" width=\"560\" height=\"315\" frameborder=\"0\" allowfullscreen=\"allowfullscreen\" style=\"box-shadow: 0 5px 10px 0 rgba(0,0,0,0.2),0 5px 15px 0 rgba(0,0,0,0.19);\"><span style=\"display: inline-block; width: 0px; overflow: hidden; line-height: 0;\" data-mce-type=\"bookmark\" class=\"mce_SELRES_start\">\ufeff<\/span><\/iframe><\/p>\n<\/li>\n<li>&nbsp;<\/li>\n<\/ul>\n<h2 style=\"text-align: justify;\"><span style=\"color: #568cbf;\">Audios<\/span><\/h2>\n<ul style=\"text-align: justify; list-style-type: none;\" >\n<li><strong><span style=\"color: #000000;\">Fen\u00f2mens Naturals &#8211; Interview<\/span><\/strong><br \/>\n<small style=\"text-align: justify;\"><span style=\"color: #777777;\">June 10, 2023. CATALAN. <em><a href=\"https:\/\/xrcb.cat\/wp-content\/uploads\/2023\/06\/FC23.mp3\"> Full audio at R\u00e0dio Farr\u00f3.<\/a><\/em> <\/span><\/small><br \/>\nDani Gallart, a researcher at Barcelona Supercomputing Center, was interviewed by Ra\u00fal Gallegos in the Fen\u00f2mens Naturals program by R\u00e0dio darr\u00f3 for La 16th Festa de la Ci\u00e8nciat at Barcelona.<\/p>\n<p style=\"text-align: center;\"><audio class=\"wp-audio-shortcode\" id=\"audio-6933-1\" preload=\"none\" style=\"width: 100%;\" controls=\"controls\"><source type=\"audio\/mpeg\" src=\"http:\/\/fusion.bsc.es\/wp-content\/uploads\/dani_festciencia.mp3?_=1\" \/><a href=\"http:\/\/fusion.bsc.es\/wp-content\/uploads\/dani_festciencia.mp3\">http:\/\/fusion.bsc.es\/wp-content\/uploads\/dani_festciencia.mp3<\/a><\/audio><\/p>\n<\/li>\n<li>&nbsp;<\/li>\n","protected":false},"excerpt":{"rendered":"<p>One of the pillars of our group is the dissemination of knowledge in the fusion field. Therefore, we have participated in several media to achieve that goal. Next, there is a list of some of our appearances. News Alfa (number 52) &#8211; Espa\u00f1a acelera en la carrera de la supercomputaci\u00f3n December, 2022. SPANISH. Our team &#8230; <a title=\"Media\" class=\"read-more\" href=\"https:\/\/fusion.bsc.es\/index.php\/media\/\" aria-label=\"Read more about Media\">Read more<\/a><\/p>\n","protected":false},"author":4,"featured_media":0,"parent":0,"menu_order":0,"comment_status":"closed","ping_status":"closed","template":"","meta":{"footnotes":""},"class_list":["post-6933","page","type-page","status-publish"],"_links":{"self":[{"href":"https:\/\/fusion.bsc.es\/index.php\/wp-json\/wp\/v2\/pages\/6933","targetHints":{"allow":["GET"]}}],"collection":[{"href":"https:\/\/fusion.bsc.es\/index.php\/wp-json\/wp\/v2\/pages"}],"about":[{"href":"https:\/\/fusion.bsc.es\/index.php\/wp-json\/wp\/v2\/types\/page"}],"author":[{"embeddable":true,"href":"https:\/\/fusion.bsc.es\/index.php\/wp-json\/wp\/v2\/users\/4"}],"replies":[{"embeddable":true,"href":"https:\/\/fusion.bsc.es\/index.php\/wp-json\/wp\/v2\/comments?post=6933"}],"version-history":[{"count":67,"href":"https:\/\/fusion.bsc.es\/index.php\/wp-json\/wp\/v2\/pages\/6933\/revisions"}],"predecessor-version":[{"id":91784,"href":"https:\/\/fusion.bsc.es\/index.php\/wp-json\/wp\/v2\/pages\/6933\/revisions\/91784"}],"wp:attachment":[{"href":"https:\/\/fusion.bsc.es\/index.php\/wp-json\/wp\/v2\/media?parent=6933"}],"curies":[{"name":"wp","href":"https:\/\/api.w.org\/{rel}","templated":true}]}}